{"id":125,"date":"2019-12-06T20:32:07","date_gmt":"2019-12-06T20:32:07","guid":{"rendered":"http:\/\/ingedisa.com.ec\/solucionesindustriales\/?page_id=125"},"modified":"2021-09-10T22:21:29","modified_gmt":"2021-09-10T22:21:29","slug":"125-2","status":"publish","type":"page","link":"http:\/\/ingedisa.com.ec\/solucionesindustriales\/index.php\/125-2\/","title":{"rendered":"INICIO"},"content":{"rendered":"<h1 style=\"text-align: center;\">\u00bfQui\u00e9nes somos?<\/h1>\n<p style=\"text-align: center;\"><img loading=\"lazy\" decoding=\"async\" class=\"alignnone wp-image-74\" src=\"http:\/\/ingedisa.com.ec\/solucionesindustriales\/wp-content\/uploads\/2019\/12\/LOGO-YA-1-300x113.png\" alt=\"\" width=\"377\" height=\"142\" srcset=\"http:\/\/ingedisa.com.ec\/solucionesindustriales\/wp-content\/uploads\/2019\/12\/LOGO-YA-1-300x113.png 300w, http:\/\/ingedisa.com.ec\/solucionesindustriales\/wp-content\/uploads\/2019\/12\/LOGO-YA-1-1024x385.png 1024w, http:\/\/ingedisa.com.ec\/solucionesindustriales\/wp-content\/uploads\/2019\/12\/LOGO-YA-1-768x289.png 768w, http:\/\/ingedisa.com.ec\/solucionesindustriales\/wp-content\/uploads\/2019\/12\/LOGO-YA-1.png 1027w\" sizes=\"auto, (max-width: 377px) 100vw, 377px\" \/><\/p>\n<p class=\"font_7\" style=\"text-align: center;\"><span class=\"color_15\">Ingedisa, empresa Ecuatoriana, dedicada a brindar soluciones especializadas a todos sus clientes, fue creada en el 2006, con la finalidad de aportar a nuestro pa\u00eds con fuentes de trabajo entregando responsablemente maquinaria y servicio de calidad para lo cual nuestros pilares fundamentales son:<\/span><\/p>\n<ul>\n<li class=\"font_7\"><span class=\"color_15\">Comercializar equipos industriales para limpieza en alta y baja presi\u00f3n.<\/span><\/li>\n<li class=\"font_7\"><span class=\"color_15\">Dise\u00f1ar y fabricar equipos industriales a medida.\u00a0<\/span><\/li>\n<li class=\"font_7\"><span class=\"color_15\">Reparar equipos de hidrolavado y Motores estacionarios.<\/span><\/li>\n<li class=\"font_7\"><span class=\"color_15\">Brindar asesoramiento previo y post venta en equipos de alta presi\u00f3n y baja presi\u00f3n<\/span><\/li>\n<\/ul>\n<p>&nbsp;<\/p>\n<h1 style=\"text-align: center;\">Misi\u00f3n<\/h1>\n<p style=\"text-align: center;\">En INGEDISA trabajamos d\u00eda a d\u00eda; para brindar soluciones especializadas, para cada proyecto de limpieza, aplicando nueva tecnolog\u00eda con equipos actualizados, permitiendo ahorro de tiempo y dinero a nuestros clientes.<\/p>\n<h1 style=\"text-align: center;\">Visi\u00f3n<\/h1>\n<p style=\"text-align: center;\">Mantener un crecimiento sostenible, siendo reconocido en el sector industrial ecuatoriano como un especialista en Equipos de Hidrolavado y motores estacionarios a trav\u00e9s de la entrega de un buen servicio, confiable y responsable tanto en la entrega de equipos, como servicio t\u00e9cnico.<\/p>\n<p>&nbsp;<\/p>\n<h1 style=\"text-align: center;\">Valores y \u00c9tica Empresarial<\/h1>\n<ul>\n<li style=\"text-align: left;\">Honestidad basada en principios morales e integridad personal de todos los que pertenecemos a Ingedisa.<\/li>\n<li>Creatividad constante, siempre pendientes de las necesidades de nuestros clientes para buscar nuevas soluciones muy profesionales y alternativas innovadoras.<\/li>\n<li>Responsabilidad, siempre cumpliendo con el cliente interno y externo d\u00eda a d\u00eda.<\/li>\n<\/ul>\n<p>&nbsp;<\/p>\n","protected":false},"excerpt":{"rendered":"<p>\u00bfQui\u00e9nes somos? Ingedisa, empresa Ecuatoriana, dedicada a brindar soluciones especializadas a todos sus clientes, fue creada en el 2006, con la finalidad de aportar a nuestro pa\u00eds con fuentes de trabajo entregando responsablemente maquinaria y servicio de calidad para lo cual nuestros pilares fundamentales son: Comercializar equipos industriales para limpieza en alta y baja presi\u00f3n. [&hellip;]<\/p>\n","protected":false},"author":1,"featured_media":0,"parent":0,"menu_order":0,"comment_status":"closed","ping_status":"closed","template":"","meta":{"footnotes":""},"class_list":["post-125","page","type-page","status-publish","hentry"],"_links":{"self":[{"href":"http:\/\/ingedisa.com.ec\/solucionesindustriales\/index.php\/wp-json\/wp\/v2\/pages\/125","targetHints":{"allow":["GET"]}}],"collection":[{"href":"http:\/\/ingedisa.com.ec\/solucionesindustriales\/index.php\/wp-json\/wp\/v2\/pages"}],"about":[{"href":"http:\/\/ingedisa.com.ec\/solucionesindustriales\/index.php\/wp-json\/wp\/v2\/types\/page"}],"author":[{"embeddable":true,"href":"http:\/\/ingedisa.com.ec\/solucionesindustriales\/index.php\/wp-json\/wp\/v2\/users\/1"}],"replies":[{"embeddable":true,"href":"http:\/\/ingedisa.com.ec\/solucionesindustriales\/index.php\/wp-json\/wp\/v2\/comments?post=125"}],"version-history":[{"count":12,"href":"http:\/\/ingedisa.com.ec\/solucionesindustriales\/index.php\/wp-json\/wp\/v2\/pages\/125\/revisions"}],"predecessor-version":[{"id":815,"href":"http:\/\/ingedisa.com.ec\/solucionesindustriales\/index.php\/wp-json\/wp\/v2\/pages\/125\/revisions\/815"}],"wp:attachment":[{"href":"http:\/\/ingedisa.com.ec\/solucionesindustriales\/index.php\/wp-json\/wp\/v2\/media?parent=125"}],"curies":[{"name":"wp","href":"https:\/\/api.w.org\/{rel}","templated":true}]}}