{"id":187,"date":"2020-05-04T17:26:35","date_gmt":"2020-05-04T17:26:35","guid":{"rendered":"http:\/\/ingedisa.com.ec\/solucionesindustriales\/?page_id=187"},"modified":"2021-09-13T14:39:02","modified_gmt":"2021-09-13T14:39:02","slug":"linea-domestica","status":"publish","type":"page","link":"http:\/\/ingedisa.com.ec\/solucionesindustriales\/index.php\/linea-domestica\/","title":{"rendered":"L\u00ednea domestica"},"content":{"rendered":"<h2 style=\"text-align: center;\"><span style=\"color: #000080;\">Lava tu autom\u00f3vil m\u00e1s f\u00e1cil que nunca<\/span><\/h2>\n<h3 style=\"text-align: center;\"><img loading=\"lazy\" decoding=\"async\" class=\"alignnone wp-image-859 size-medium\" src=\"http:\/\/ingedisa.com.ec\/solucionesindustriales\/wp-content\/uploads\/2021\/09\/HIDROLAVADORA-DOMESTICA-1-300x200.jpg\" alt=\"\" width=\"300\" height=\"200\" srcset=\"http:\/\/ingedisa.com.ec\/solucionesindustriales\/wp-content\/uploads\/2021\/09\/HIDROLAVADORA-DOMESTICA-1-300x200.jpg 300w, http:\/\/ingedisa.com.ec\/solucionesindustriales\/wp-content\/uploads\/2021\/09\/HIDROLAVADORA-DOMESTICA-1-1024x682.jpg 1024w, http:\/\/ingedisa.com.ec\/solucionesindustriales\/wp-content\/uploads\/2021\/09\/HIDROLAVADORA-DOMESTICA-1-768x511.jpg 768w, http:\/\/ingedisa.com.ec\/solucionesindustriales\/wp-content\/uploads\/2021\/09\/HIDROLAVADORA-DOMESTICA-1-1536x1022.jpg 1536w, http:\/\/ingedisa.com.ec\/solucionesindustriales\/wp-content\/uploads\/2021\/09\/HIDROLAVADORA-DOMESTICA-1-2048x1363.jpg 2048w\" sizes=\"auto, (max-width: 300px) 100vw, 300px\" \/><\/h3>\n<p><iframe loading=\"lazy\" title=\"Car Wash \/ Detail with Foam Canon POV With Electric Pressure Washer\" width=\"800\" height=\"450\" src=\"https:\/\/www.youtube.com\/embed\/Fa_8ChtqMQU?feature=oembed\" frameborder=\"0\" allow=\"accelerometer; autoplay; clipboard-write; encrypted-media; gyroscope; picture-in-picture\" allowfullscreen><\/iframe><\/p>\n<p>&nbsp;<\/p>\n<p>&nbsp;<\/p>\n<h1 style=\"text-align: left;\"><span style=\"color: #000080;\">Deja tu patio impecable<\/span><\/h1>\n<p><iframe loading=\"lazy\" title=\"AR Blue Clean AR383 Power Washer\" width=\"800\" height=\"450\" src=\"https:\/\/www.youtube.com\/embed\/UNgTVOLRMP4?feature=oembed\" frameborder=\"0\" allow=\"accelerometer; autoplay; clipboard-write; encrypted-media; gyroscope; picture-in-picture\" allowfullscreen><\/iframe><\/p>\n<h3 style=\"text-align: center;\">Limpia toda impureza con el poder de la presi\u00f3n que te ofrece nuestros equipos, Recupera el verdadero color de tus paredes, asfalto, baldosa de toda tu casa.<\/h3>\n<h1><\/h1>\n<h1><\/h1>\n<h3 style=\"text-align: center;\"><\/h3>\n<p><iframe loading=\"lazy\" title=\"The Clean Crusader \u2014 Episode #7 \u2014 Presented by AR Blue Clean\" width=\"800\" height=\"450\" src=\"https:\/\/www.youtube.com\/embed\/wL_PlDYsLAg?feature=oembed\" frameborder=\"0\" allow=\"accelerometer; autoplay; clipboard-write; encrypted-media; gyroscope; picture-in-picture\" allowfullscreen><\/iframe><\/p>\n<h2 style=\"text-align: center;\">Disponemos de todos los accesorios<\/h2>\n","protected":false},"excerpt":{"rendered":"<p>Lava tu autom\u00f3vil m\u00e1s f\u00e1cil que nunca &nbsp; &nbsp; Deja tu patio impecable Limpia toda impureza con el poder de la presi\u00f3n que te ofrece nuestros equipos, Recupera el verdadero color de tus paredes, asfalto, baldosa de toda tu casa. Disponemos de todos los accesorios<\/p>\n","protected":false},"author":1,"featured_media":0,"parent":0,"menu_order":0,"comment_status":"closed","ping_status":"closed","template":"","meta":{"footnotes":""},"class_list":["post-187","page","type-page","status-publish","hentry"],"_links":{"self":[{"href":"http:\/\/ingedisa.com.ec\/solucionesindustriales\/index.php\/wp-json\/wp\/v2\/pages\/187","targetHints":{"allow":["GET"]}}],"collection":[{"href":"http:\/\/ingedisa.com.ec\/solucionesindustriales\/index.php\/wp-json\/wp\/v2\/pages"}],"about":[{"href":"http:\/\/ingedisa.com.ec\/solucionesindustriales\/index.php\/wp-json\/wp\/v2\/types\/page"}],"author":[{"embeddable":true,"href":"http:\/\/ingedisa.com.ec\/solucionesindustriales\/index.php\/wp-json\/wp\/v2\/users\/1"}],"replies":[{"embeddable":true,"href":"http:\/\/ingedisa.com.ec\/solucionesindustriales\/index.php\/wp-json\/wp\/v2\/comments?post=187"}],"version-history":[{"count":14,"href":"http:\/\/ingedisa.com.ec\/solucionesindustriales\/index.php\/wp-json\/wp\/v2\/pages\/187\/revisions"}],"predecessor-version":[{"id":883,"href":"http:\/\/ingedisa.com.ec\/solucionesindustriales\/index.php\/wp-json\/wp\/v2\/pages\/187\/revisions\/883"}],"wp:attachment":[{"href":"http:\/\/ingedisa.com.ec\/solucionesindustriales\/index.php\/wp-json\/wp\/v2\/media?parent=187"}],"curies":[{"name":"wp","href":"https:\/\/api.w.org\/{rel}","templated":true}]}}