{"id":194,"date":"2020-05-05T15:35:47","date_gmt":"2020-05-05T15:35:47","guid":{"rendered":"http:\/\/ingedisa.com.ec\/solucionesindustriales\/?page_id=194"},"modified":"2021-09-13T15:37:17","modified_gmt":"2021-09-13T15:37:17","slug":"nuestras-lineas","status":"publish","type":"page","link":"http:\/\/ingedisa.com.ec\/solucionesindustriales\/index.php\/nuestras-lineas\/","title":{"rendered":"HIDROLAVADORAS"},"content":{"rendered":"<h1 style=\"text-align: center;\"><span style=\"color: #000080;\">Ingedisa trabaja con las marcas m\u00e1s reconocidas a Nivel mundial, para dar soluciones a nuestros clientes con equipos de \u00faltima generaci\u00f3n.<\/span><\/h1>\n<p>&nbsp;<\/p>\n<h1 style=\"text-align: center;\"><span style=\"color: #000080;\">RESPALDO CONSTANTE DE F\u00c1BRICA<\/span><\/h1>\n<p><img loading=\"lazy\" decoding=\"async\" class=\"aligncenter wp-image-861 size-medium\" src=\"http:\/\/ingedisa.com.ec\/solucionesindustriales\/wp-content\/uploads\/2021\/09\/MAZZONI-HIDROLAVADORAS-300x146.jpg\" alt=\"\" width=\"300\" height=\"146\" srcset=\"http:\/\/ingedisa.com.ec\/solucionesindustriales\/wp-content\/uploads\/2021\/09\/MAZZONI-HIDROLAVADORAS-300x146.jpg 300w, http:\/\/ingedisa.com.ec\/solucionesindustriales\/wp-content\/uploads\/2021\/09\/MAZZONI-HIDROLAVADORAS.jpg 512w\" sizes=\"auto, (max-width: 300px) 100vw, 300px\" \/><\/p>\n<p>&nbsp;<\/p>\n<p>&nbsp;<\/p>\n<p style=\"text-align: center;\"><a href=\"https:\/\/www.pressure-pro.com\/\"><img loading=\"lazy\" decoding=\"async\" class=\"alignnone wp-image-208\" src=\"http:\/\/ingedisa.com.ec\/solucionesindustriales\/wp-content\/uploads\/2019\/12\/pressure_pro_logo-300x34.png\" alt=\"\" width=\"939\" height=\"107\" srcset=\"http:\/\/ingedisa.com.ec\/solucionesindustriales\/wp-content\/uploads\/2019\/12\/pressure_pro_logo-300x34.png 300w, http:\/\/ingedisa.com.ec\/solucionesindustriales\/wp-content\/uploads\/2019\/12\/pressure_pro_logo-768x88.png 768w, http:\/\/ingedisa.com.ec\/solucionesindustriales\/wp-content\/uploads\/2019\/12\/pressure_pro_logo.png 798w\" sizes=\"auto, (max-width: 939px) 100vw, 939px\" \/><\/a><\/p>\n<p>&nbsp;<\/p>\n<hr \/>\n<table>\n<tbody>\n<tr>\n<td width=\"153\"><\/td>\n<\/tr>\n<tr>\n<td>\n<h2 style=\"text-align: center;\"><span style=\"color: #000080;\"><strong>Supremac\u00eda en\u00a0 Bombas de Alta presi\u00f3n para Hidrolavadoras<\/strong><\/span><\/h2>\n<\/td>\n<td width=\"217\">\n<h2 style=\"text-align: center;\"><span style=\"color: #000080;\"><strong>Los mejores motores estacionarios de Jap\u00f3n<\/strong><\/span><\/h2>\n<\/td>\n<\/tr>\n<\/tbody>\n<\/table>\n<h2><a href=\"https:\/\/www.annovireverberi.it\/\"><img loading=\"lazy\" decoding=\"async\" class=\"wp-image-200 alignnone\" style=\"font-size: 16px; font-weight: 400;\" src=\"http:\/\/ingedisa.com.ec\/solucionesindustriales\/wp-content\/uploads\/2019\/12\/annovi-reverberi-SINFFONDO-289x300.png\" alt=\"\" width=\"142\" height=\"147\" srcset=\"http:\/\/ingedisa.com.ec\/solucionesindustriales\/wp-content\/uploads\/2019\/12\/annovi-reverberi-SINFFONDO-289x300.png 289w, http:\/\/ingedisa.com.ec\/solucionesindustriales\/wp-content\/uploads\/2019\/12\/annovi-reverberi-SINFFONDO.png 570w\" sizes=\"auto, (max-width: 142px) 100vw, 142px\" \/><\/a>\u00a0 \u00a0 \u00a0 \u00a0 \u00a0 \u00a0 \u00a0 \u00a0 \u00a0<a href=\"https:\/\/www.generalpump.com\/\"><img loading=\"lazy\" decoding=\"async\" class=\" wp-image-214 alignnone\" style=\"font-size: 16px; font-weight: 400; text-align: start;\" src=\"http:\/\/ingedisa.com.ec\/solucionesindustriales\/wp-content\/uploads\/2019\/12\/general-pump-logo-sin-fondo-300x213.png\" alt=\"\" width=\"171\" height=\"121\" srcset=\"http:\/\/ingedisa.com.ec\/solucionesindustriales\/wp-content\/uploads\/2019\/12\/general-pump-logo-sin-fondo-300x213.png 300w, http:\/\/ingedisa.com.ec\/solucionesindustriales\/wp-content\/uploads\/2019\/12\/general-pump-logo-sin-fondo.png 361w\" sizes=\"auto, (max-width: 171px) 100vw, 171px\" \/><\/a> \u00a0\u00a0 \u00a0\u00a0 \u00a0\u00a0 \u00a0\u00a0 \u00a0\u00a0 \u00a0\u00a0 \u00a0\u00a0 \u00a0\u00a0 \u00a0\u00a0 \u00a0<a style=\"font-size: 16px;\" href=\"http:\/\/honda.com.ec\/\"><img loading=\"lazy\" decoding=\"async\" class=\" wp-image-206 alignnone\" src=\"http:\/\/ingedisa.com.ec\/solucionesindustriales\/wp-content\/uploads\/2019\/12\/Honda-logo-sin-fondo-300x300.png\" alt=\"\" width=\"164\" height=\"164\" srcset=\"http:\/\/ingedisa.com.ec\/solucionesindustriales\/wp-content\/uploads\/2019\/12\/Honda-logo-sin-fondo-300x300.png 300w, http:\/\/ingedisa.com.ec\/solucionesindustriales\/wp-content\/uploads\/2019\/12\/Honda-logo-sin-fondo-1024x1024.png 1024w, http:\/\/ingedisa.com.ec\/solucionesindustriales\/wp-content\/uploads\/2019\/12\/Honda-logo-sin-fondo-150x150.png 150w, http:\/\/ingedisa.com.ec\/solucionesindustriales\/wp-content\/uploads\/2019\/12\/Honda-logo-sin-fondo-768x768.png 768w, http:\/\/ingedisa.com.ec\/solucionesindustriales\/wp-content\/uploads\/2019\/12\/Honda-logo-sin-fondo-1536x1536.png 1536w, http:\/\/ingedisa.com.ec\/solucionesindustriales\/wp-content\/uploads\/2019\/12\/Honda-logo-sin-fondo.png 2000w\" sizes=\"auto, (max-width: 164px) 100vw, 164px\" \/><\/a><\/h2>\n<h2 style=\"text-align: center;\"><\/h2>\n<h2><\/h2>\n<h2 style=\"text-align: center;\"><span style=\"color: #000080;\">Ensamblado con la mejor calidad de motores<\/span><\/h2>\n<p>&nbsp;<\/p>\n<p><a href=\"https:\/\/www.briggsandstratton.com\/la\/es_mx\/home.html\"><img loading=\"lazy\" decoding=\"async\" class=\"alignnone wp-image-219\" src=\"http:\/\/ingedisa.com.ec\/solucionesindustriales\/wp-content\/uploads\/2019\/12\/briggs-stratton-logo-png-why-briggs-stratton-genuine-parts-937-300x260.png\" alt=\"\" width=\"81\" height=\"70\" srcset=\"http:\/\/ingedisa.com.ec\/solucionesindustriales\/wp-content\/uploads\/2019\/12\/briggs-stratton-logo-png-why-briggs-stratton-genuine-parts-937-300x260.png 300w, http:\/\/ingedisa.com.ec\/solucionesindustriales\/wp-content\/uploads\/2019\/12\/briggs-stratton-logo-png-why-briggs-stratton-genuine-parts-937-768x666.png 768w, http:\/\/ingedisa.com.ec\/solucionesindustriales\/wp-content\/uploads\/2019\/12\/briggs-stratton-logo-png-why-briggs-stratton-genuine-parts-937.png 937w\" sizes=\"auto, (max-width: 81px) 100vw, 81px\" \/><\/a>\u00a0 \u00a0 \u00a0<a href=\"https:\/\/kohlerpower.com\/en\/engines\"><img loading=\"lazy\" decoding=\"async\" class=\"alignnone wp-image-211\" src=\"http:\/\/ingedisa.com.ec\/solucionesindustriales\/wp-content\/uploads\/2019\/12\/KOHLER-logo-300x159.png\" alt=\"\" width=\"131\" height=\"69\" srcset=\"http:\/\/ingedisa.com.ec\/solucionesindustriales\/wp-content\/uploads\/2019\/12\/KOHLER-logo-300x159.png 300w, http:\/\/ingedisa.com.ec\/solucionesindustriales\/wp-content\/uploads\/2019\/12\/KOHLER-logo.png 340w\" sizes=\"auto, (max-width: 131px) 100vw, 131px\" \/><\/a>\u00a0<a href=\"https:\/\/www.vanguardpower.com\/na\/en_us\/home.html\"><img loading=\"lazy\" decoding=\"async\" class=\"alignnone wp-image-281\" src=\"http:\/\/ingedisa.com.ec\/solucionesindustriales\/wp-content\/uploads\/2019\/12\/vanguard-sin-FONDO-300x55.png\" alt=\"\" width=\"252\" height=\"46\" srcset=\"http:\/\/ingedisa.com.ec\/solucionesindustriales\/wp-content\/uploads\/2019\/12\/vanguard-sin-FONDO-300x55.png 300w, http:\/\/ingedisa.com.ec\/solucionesindustriales\/wp-content\/uploads\/2019\/12\/vanguard-sin-FONDO-768x141.png 768w, http:\/\/ingedisa.com.ec\/solucionesindustriales\/wp-content\/uploads\/2019\/12\/vanguard-sin-FONDO.png 869w\" sizes=\"auto, (max-width: 252px) 100vw, 252px\" \/><\/a> \u00a0<a href=\"https:\/\/www.weg.net\/catalog\/weg\/US\/es\/Motores-El%C3%A9ctricos\/c\/US_MT\"><img loading=\"lazy\" decoding=\"async\" class=\"alignnone wp-image-282\" src=\"http:\/\/ingedisa.com.ec\/solucionesindustriales\/wp-content\/uploads\/2019\/12\/WEG_Equipamentos_El\u00e9tricos.svg-300x211.png\" alt=\"\" width=\"118\" height=\"83\" srcset=\"http:\/\/ingedisa.com.ec\/solucionesindustriales\/wp-content\/uploads\/2019\/12\/WEG_Equipamentos_El\u00e9tricos.svg-300x211.png 300w, http:\/\/ingedisa.com.ec\/solucionesindustriales\/wp-content\/uploads\/2019\/12\/WEG_Equipamentos_El\u00e9tricos.svg-1024x719.png 1024w, http:\/\/ingedisa.com.ec\/solucionesindustriales\/wp-content\/uploads\/2019\/12\/WEG_Equipamentos_El\u00e9tricos.svg-768x539.png 768w, http:\/\/ingedisa.com.ec\/solucionesindustriales\/wp-content\/uploads\/2019\/12\/WEG_Equipamentos_El\u00e9tricos.svg.png 1200w\" sizes=\"auto, (max-width: 118px) 100vw, 118px\" \/><\/a><a href=\"https:\/\/new.abb.com\/motors-generators\/es#\"><img loading=\"lazy\" decoding=\"async\" class=\"wp-image-279 alignnone\" src=\"http:\/\/ingedisa.com.ec\/solucionesindustriales\/wp-content\/uploads\/2019\/12\/ABB-logo-sin-fondo-300x125.png\" alt=\"\" width=\"145\" height=\"61\" srcset=\"http:\/\/ingedisa.com.ec\/solucionesindustriales\/wp-content\/uploads\/2019\/12\/ABB-logo-sin-fondo-300x125.png 300w, http:\/\/ingedisa.com.ec\/solucionesindustriales\/wp-content\/uploads\/2019\/12\/ABB-logo-sin-fondo-768x320.png 768w, http:\/\/ingedisa.com.ec\/solucionesindustriales\/wp-content\/uploads\/2019\/12\/ABB-logo-sin-fondo.png 915w\" sizes=\"auto, (max-width: 145px) 100vw, 145px\" \/><\/a><\/p>\n<p>&nbsp;<\/p>\n<h1 style=\"text-align: center;\"><span style=\"color: #000080;\">Revisa nuestras L\u00edneas<\/span><\/h1>\n<h1 style=\"text-align: center;\"><span style=\"color: #000080;\">L\u00ednea Dom\u00e9stica\u00a0 \u00a0 \u00a0<\/span>\u00a0 \u00a0 \u00a0 \u00a0 \u00a0 \u00a0 \u00a0 \u00a0 \u00a0<span style=\"color: #000080;\">L\u00ednea Industrial<\/span><\/h1>\n<p><img loading=\"lazy\" decoding=\"async\" class=\"alignnone wp-image-174 size-medium\" src=\"http:\/\/ingedisa.com.ec\/solucionesindustriales\/wp-content\/uploads\/2019\/12\/Uso-de-blue-clean-300x200.jpg\" alt=\"\" width=\"300\" height=\"200\" srcset=\"http:\/\/ingedisa.com.ec\/solucionesindustriales\/wp-content\/uploads\/2019\/12\/Uso-de-blue-clean-300x200.jpg 300w, http:\/\/ingedisa.com.ec\/solucionesindustriales\/wp-content\/uploads\/2019\/12\/Uso-de-blue-clean-1024x682.jpg 1024w, http:\/\/ingedisa.com.ec\/solucionesindustriales\/wp-content\/uploads\/2019\/12\/Uso-de-blue-clean-768x511.jpg 768w, http:\/\/ingedisa.com.ec\/solucionesindustriales\/wp-content\/uploads\/2019\/12\/Uso-de-blue-clean.jpg 1280w\" sizes=\"auto, (max-width: 300px) 100vw, 300px\" \/>\u00a0 \u00a0 \u00a0 \u00a0 \u00a0 \u00a0 \u00a0 \u00a0 \u00a0 \u00a0 \u00a0 \u00a0 \u00a0 \u00a0 \u00a0 \u00a0 \u00a0 \u00a0 \u00a0 \u00a0 \u00a0 \u00a0 <img loading=\"lazy\" decoding=\"async\" class=\"alignnone wp-image-336 size-medium\" src=\"http:\/\/ingedisa.com.ec\/solucionesindustriales\/wp-content\/uploads\/2019\/12\/redondo-final-300x231.png\" alt=\"\" width=\"300\" height=\"231\" srcset=\"http:\/\/ingedisa.com.ec\/solucionesindustriales\/wp-content\/uploads\/2019\/12\/redondo-final-300x231.png 300w, http:\/\/ingedisa.com.ec\/solucionesindustriales\/wp-content\/uploads\/2019\/12\/redondo-final.png 731w\" sizes=\"auto, (max-width: 300px) 100vw, 300px\" \/><!--more--><\/p>\n","protected":false},"excerpt":{"rendered":"<p>Ingedisa trabaja con las marcas m\u00e1s reconocidas a Nivel mundial, para dar soluciones a nuestros clientes con equipos de \u00faltima generaci\u00f3n. &nbsp; RESPALDO CONSTANTE DE F\u00c1BRICA &nbsp; &nbsp; &nbsp; Supremac\u00eda en\u00a0 Bombas de Alta presi\u00f3n para Hidrolavadoras Los mejores motores estacionarios de Jap\u00f3n \u00a0 \u00a0 \u00a0 \u00a0 \u00a0 \u00a0 \u00a0 \u00a0 \u00a0 \u00a0\u00a0 \u00a0\u00a0 \u00a0\u00a0 [&hellip;]<\/p>\n","protected":false},"author":1,"featured_media":203,"parent":0,"menu_order":0,"comment_status":"closed","ping_status":"closed","template":"","meta":{"footnotes":""},"class_list":["post-194","page","type-page","status-publish","has-post-thumbnail","hentry"],"_links":{"self":[{"href":"http:\/\/ingedisa.com.ec\/solucionesindustriales\/index.php\/wp-json\/wp\/v2\/pages\/194","targetHints":{"allow":["GET"]}}],"collection":[{"href":"http:\/\/ingedisa.com.ec\/solucionesindustriales\/index.php\/wp-json\/wp\/v2\/pages"}],"about":[{"href":"http:\/\/ingedisa.com.ec\/solucionesindustriales\/index.php\/wp-json\/wp\/v2\/types\/page"}],"author":[{"embeddable":true,"href":"http:\/\/ingedisa.com.ec\/solucionesindustriales\/index.php\/wp-json\/wp\/v2\/users\/1"}],"replies":[{"embeddable":true,"href":"http:\/\/ingedisa.com.ec\/solucionesindustriales\/index.php\/wp-json\/wp\/v2\/comments?post=194"}],"version-history":[{"count":56,"href":"http:\/\/ingedisa.com.ec\/solucionesindustriales\/index.php\/wp-json\/wp\/v2\/pages\/194\/revisions"}],"predecessor-version":[{"id":885,"href":"http:\/\/ingedisa.com.ec\/solucionesindustriales\/index.php\/wp-json\/wp\/v2\/pages\/194\/revisions\/885"}],"wp:featuredmedia":[{"embeddable":true,"href":"http:\/\/ingedisa.com.ec\/solucionesindustriales\/index.php\/wp-json\/wp\/v2\/media\/203"}],"wp:attachment":[{"href":"http:\/\/ingedisa.com.ec\/solucionesindustriales\/index.php\/wp-json\/wp\/v2\/media?parent=194"}],"curies":[{"name":"wp","href":"https:\/\/api.w.org\/{rel}","templated":true}]}}