{"id":489,"date":"2020-05-07T12:02:17","date_gmt":"2020-05-07T12:02:17","guid":{"rendered":"http:\/\/ingedisa.com.ec\/solucionesindustriales\/?page_id=489"},"modified":"2021-09-13T14:12:10","modified_gmt":"2021-09-13T14:12:10","slug":"equipo-de-jardineria","status":"publish","type":"page","link":"http:\/\/ingedisa.com.ec\/solucionesindustriales\/index.php\/equipo-de-jardineria\/","title":{"rendered":"Equipos de Jardiner\u00eda"},"content":{"rendered":"<p><strong>EQUIPOS DE FUMIGACI\u00d3N<\/strong><\/p>\n<p>Los equipos de fumigaci\u00f3n Italianos, se caracterizan por ser muy robustos de caracter\u00edsticas industriales para trabajos pesados de cualquier proceso de fumigaci\u00f3n qu\u00edmica, est\u00e1n dise\u00f1ados para realizar una aspersi\u00f3n de varias salidas facilitando la operaci\u00f3n de cada operador en extensiones grandes de terreno.\u00a0 \u00a0Las boquillas y pistolas permiten tener un adecuado control al operador de la aspersi\u00f3n que desea realizar.<\/p>\n<h3>FUMIGADORAS AUT\u00d3NOMAS CON MOTOR A GASOLINA\u00a0 PROFESIONALES<\/h3>\n<p><img loading=\"lazy\" decoding=\"async\" class=\"alignnone size-medium wp-image-618\" src=\"http:\/\/ingedisa.com.ec\/solucionesindustriales\/wp-content\/uploads\/2020\/05\/FUMIGADORA-HONDA.pdf-300x278.png\" alt=\"\" width=\"300\" height=\"278\" srcset=\"http:\/\/ingedisa.com.ec\/solucionesindustriales\/wp-content\/uploads\/2020\/05\/FUMIGADORA-HONDA.pdf-300x278.png 300w, http:\/\/ingedisa.com.ec\/solucionesindustriales\/wp-content\/uploads\/2020\/05\/FUMIGADORA-HONDA.pdf.png 473w\" sizes=\"auto, (max-width: 300px) 100vw, 300px\" \/> \u00a0<img loading=\"lazy\" decoding=\"async\" class=\"alignnone size-medium wp-image-622\" src=\"http:\/\/ingedisa.com.ec\/solucionesindustriales\/wp-content\/uploads\/2020\/05\/FUMIGACION-BOMBA-247x300.jpg\" alt=\"\" width=\"247\" height=\"300\" srcset=\"http:\/\/ingedisa.com.ec\/solucionesindustriales\/wp-content\/uploads\/2020\/05\/FUMIGACION-BOMBA-247x300.jpg 247w, http:\/\/ingedisa.com.ec\/solucionesindustriales\/wp-content\/uploads\/2020\/05\/FUMIGACION-BOMBA.jpg 606w\" sizes=\"auto, (max-width: 247px) 100vw, 247px\" \/><\/p>\n<h3>EQUIPOS DE DESBROCE 4 TIEMPOS CON LA GARANT\u00cdA DE HONDA<\/h3>\n<p><img loading=\"lazy\" decoding=\"async\" class=\" wp-image-565 aligncenter\" src=\"http:\/\/ingedisa.com.ec\/solucionesindustriales\/wp-content\/uploads\/2019\/12\/motoguadana-honda-umk-435t-motor-4-tiempos-D_NQ_NP_465405-MLA20849499479_082016-F-300x209.png\" alt=\"\" width=\"399\" height=\"278\" srcset=\"http:\/\/ingedisa.com.ec\/solucionesindustriales\/wp-content\/uploads\/2019\/12\/motoguadana-honda-umk-435t-motor-4-tiempos-D_NQ_NP_465405-MLA20849499479_082016-F-300x209.png 300w, http:\/\/ingedisa.com.ec\/solucionesindustriales\/wp-content\/uploads\/2019\/12\/motoguadana-honda-umk-435t-motor-4-tiempos-D_NQ_NP_465405-MLA20849499479_082016-F-768x536.png 768w, http:\/\/ingedisa.com.ec\/solucionesindustriales\/wp-content\/uploads\/2019\/12\/motoguadana-honda-umk-435t-motor-4-tiempos-D_NQ_NP_465405-MLA20849499479_082016-F.png 812w\" sizes=\"auto, (max-width: 399px) 100vw, 399px\" \/><\/p>\n<p>&nbsp;<\/p>\n<p>&nbsp;<\/p>\n","protected":false},"excerpt":{"rendered":"<p>EQUIPOS DE FUMIGACI\u00d3N Los equipos de fumigaci\u00f3n Italianos, se caracterizan por ser muy robustos de caracter\u00edsticas industriales para trabajos pesados de cualquier proceso de fumigaci\u00f3n qu\u00edmica, est\u00e1n dise\u00f1ados para realizar una aspersi\u00f3n de varias salidas facilitando la operaci\u00f3n de cada operador en extensiones grandes de terreno.\u00a0 \u00a0Las boquillas y pistolas permiten tener un adecuado control [&hellip;]<\/p>\n","protected":false},"author":1,"featured_media":0,"parent":0,"menu_order":0,"comment_status":"closed","ping_status":"closed","template":"","meta":{"footnotes":""},"class_list":["post-489","page","type-page","status-publish","hentry"],"_links":{"self":[{"href":"http:\/\/ingedisa.com.ec\/solucionesindustriales\/index.php\/wp-json\/wp\/v2\/pages\/489","targetHints":{"allow":["GET"]}}],"collection":[{"href":"http:\/\/ingedisa.com.ec\/solucionesindustriales\/index.php\/wp-json\/wp\/v2\/pages"}],"about":[{"href":"http:\/\/ingedisa.com.ec\/solucionesindustriales\/index.php\/wp-json\/wp\/v2\/types\/page"}],"author":[{"embeddable":true,"href":"http:\/\/ingedisa.com.ec\/solucionesindustriales\/index.php\/wp-json\/wp\/v2\/users\/1"}],"replies":[{"embeddable":true,"href":"http:\/\/ingedisa.com.ec\/solucionesindustriales\/index.php\/wp-json\/wp\/v2\/comments?post=489"}],"version-history":[{"count":6,"href":"http:\/\/ingedisa.com.ec\/solucionesindustriales\/index.php\/wp-json\/wp\/v2\/pages\/489\/revisions"}],"predecessor-version":[{"id":858,"href":"http:\/\/ingedisa.com.ec\/solucionesindustriales\/index.php\/wp-json\/wp\/v2\/pages\/489\/revisions\/858"}],"wp:attachment":[{"href":"http:\/\/ingedisa.com.ec\/solucionesindustriales\/index.php\/wp-json\/wp\/v2\/media?parent=489"}],"curies":[{"name":"wp","href":"https:\/\/api.w.org\/{rel}","templated":true}]}}