{"id":497,"date":"2020-05-04T10:06:45","date_gmt":"2020-05-04T10:06:45","guid":{"rendered":"http:\/\/ingedisa.com.ec\/solucionesindustriales\/?page_id=497"},"modified":"2021-09-13T14:29:59","modified_gmt":"2021-09-13T14:29:59","slug":"motores","status":"publish","type":"page","link":"http:\/\/ingedisa.com.ec\/solucionesindustriales\/index.php\/motores\/","title":{"rendered":"Motores Estacionarios"},"content":{"rendered":"<p><span style=\"color: #333399;\">Los motores estacionarios Honda son legendarios por su confiabilidad y rendimiento superiores. Cada modelo\u00a0 est\u00e1\u00a0 dise\u00f1ado para cargas HEAVY DUTY, puede ser utilizado en m\u00faltiples aplicaciones industriales, agr\u00edcolas, de la construcci\u00f3n, actividades acu\u00edcolas y marinas.\u00a0 Los motores estacionarios son silenciosos y soportan inclemencias del tiempo y polvo.\u00a0 Son equipos potentes y tranquilos.<\/span><\/p>\n<h2 style=\"text-align: center;\"><span style=\"color: #333399;\">MOTORES GASOLINA<\/span><\/h2>\n<h2 style=\"text-align: center;\"><span style=\"color: #333399;\">GC190, GX160, GX200, GX390, GX630,GX690<\/span><\/h2>\n<div class=\"flex mt-4 product-buttons\"><\/div>\n<p>&nbsp;<\/p>\n<p><img loading=\"lazy\" decoding=\"async\" class=\"alignnone wp-image-863 \" src=\"http:\/\/ingedisa.com.ec\/solucionesindustriales\/wp-content\/uploads\/2021\/09\/MOTOR-HONDA-GX690.jpg\" alt=\"\" width=\"269\" height=\"269\" srcset=\"http:\/\/ingedisa.com.ec\/solucionesindustriales\/wp-content\/uploads\/2021\/09\/MOTOR-HONDA-GX690.jpg 225w, http:\/\/ingedisa.com.ec\/solucionesindustriales\/wp-content\/uploads\/2021\/09\/MOTOR-HONDA-GX690-150x150.jpg 150w\" sizes=\"auto, (max-width: 269px) 100vw, 269px\" \/>\u00a0 \u00a0 \u00a0 \u00a0 \u00a0 \u00a0 \u00a0 \u00a0<img loading=\"lazy\" decoding=\"async\" class=\"alignnone wp-image-825 \" src=\"http:\/\/ingedisa.com.ec\/solucionesindustriales\/wp-content\/uploads\/2021\/09\/HONDA-MOTOR-ESTACIONARIO-GX390-300x288.png\" alt=\"\" width=\"212\" height=\"203\" srcset=\"http:\/\/ingedisa.com.ec\/solucionesindustriales\/wp-content\/uploads\/2021\/09\/HONDA-MOTOR-ESTACIONARIO-GX390-300x288.png 300w, http:\/\/ingedisa.com.ec\/solucionesindustriales\/wp-content\/uploads\/2021\/09\/HONDA-MOTOR-ESTACIONARIO-GX390.png 512w\" sizes=\"auto, (max-width: 212px) 100vw, 212px\" \/>\u00a0\u00a0 \u00a0 <img loading=\"lazy\" decoding=\"async\" class=\"alignnone size-full wp-image-864\" src=\"http:\/\/ingedisa.com.ec\/solucionesindustriales\/wp-content\/uploads\/2021\/09\/MOTOR-VANGUARD-21HP-PARA-HIDROLAVORA.jpg\" alt=\"\" width=\"225\" height=\"225\" srcset=\"http:\/\/ingedisa.com.ec\/solucionesindustriales\/wp-content\/uploads\/2021\/09\/MOTOR-VANGUARD-21HP-PARA-HIDROLAVORA.jpg 225w, http:\/\/ingedisa.com.ec\/solucionesindustriales\/wp-content\/uploads\/2021\/09\/MOTOR-VANGUARD-21HP-PARA-HIDROLAVORA-150x150.jpg 150w\" sizes=\"auto, (max-width: 225px) 100vw, 225px\" \/><\/p>\n<h2 style=\"text-align: center;\"><span style=\"color: #333399;\">MOTORES DI\u00c9SEL<\/span><\/h2>\n<p><img loading=\"lazy\" decoding=\"async\" class=\"alignnone  wp-image-865\" src=\"http:\/\/ingedisa.com.ec\/solucionesindustriales\/wp-content\/uploads\/2021\/09\/MOTOR-BRIGGSS-13.5HP-300x300.jpg\" alt=\"\" width=\"259\" height=\"259\" srcset=\"http:\/\/ingedisa.com.ec\/solucionesindustriales\/wp-content\/uploads\/2021\/09\/MOTOR-BRIGGSS-13.5HP-300x300.jpg 300w, http:\/\/ingedisa.com.ec\/solucionesindustriales\/wp-content\/uploads\/2021\/09\/MOTOR-BRIGGSS-13.5HP-1024x1024.jpg 1024w, http:\/\/ingedisa.com.ec\/solucionesindustriales\/wp-content\/uploads\/2021\/09\/MOTOR-BRIGGSS-13.5HP-150x150.jpg 150w, http:\/\/ingedisa.com.ec\/solucionesindustriales\/wp-content\/uploads\/2021\/09\/MOTOR-BRIGGSS-13.5HP-768x768.jpg 768w, http:\/\/ingedisa.com.ec\/solucionesindustriales\/wp-content\/uploads\/2021\/09\/MOTOR-BRIGGSS-13.5HP-1536x1536.jpg 1536w, http:\/\/ingedisa.com.ec\/solucionesindustriales\/wp-content\/uploads\/2021\/09\/MOTOR-BRIGGSS-13.5HP.jpg 2000w\" sizes=\"auto, (max-width: 259px) 100vw, 259px\" \/><img loading=\"lazy\" decoding=\"async\" class=\"alignnone  wp-image-867\" src=\"http:\/\/ingedisa.com.ec\/solucionesindustriales\/wp-content\/uploads\/2021\/09\/MOTOR-DIESEL-KAMA-300x300.jpg\" alt=\"\" width=\"245\" height=\"245\" srcset=\"http:\/\/ingedisa.com.ec\/solucionesindustriales\/wp-content\/uploads\/2021\/09\/MOTOR-DIESEL-KAMA-300x300.jpg 300w, http:\/\/ingedisa.com.ec\/solucionesindustriales\/wp-content\/uploads\/2021\/09\/MOTOR-DIESEL-KAMA-150x150.jpg 150w, http:\/\/ingedisa.com.ec\/solucionesindustriales\/wp-content\/uploads\/2021\/09\/MOTOR-DIESEL-KAMA.jpg 531w\" sizes=\"auto, (max-width: 245px) 100vw, 245px\" \/><img loading=\"lazy\" decoding=\"async\" class=\"alignnone size-medium wp-image-868\" src=\"http:\/\/ingedisa.com.ec\/solucionesindustriales\/wp-content\/uploads\/2021\/09\/MOTOR-WEISER-DIESEL-13HP-300x284.jpg\" alt=\"\" width=\"300\" height=\"284\" srcset=\"http:\/\/ingedisa.com.ec\/solucionesindustriales\/wp-content\/uploads\/2021\/09\/MOTOR-WEISER-DIESEL-13HP-300x284.jpg 300w, http:\/\/ingedisa.com.ec\/solucionesindustriales\/wp-content\/uploads\/2021\/09\/MOTOR-WEISER-DIESEL-13HP.jpg 500w\" sizes=\"auto, (max-width: 300px) 100vw, 300px\" \/><\/p>\n<p>&nbsp;<\/p>\n","protected":false},"excerpt":{"rendered":"<p>Los motores estacionarios Honda son legendarios por su confiabilidad y rendimiento superiores. Cada modelo\u00a0 est\u00e1\u00a0 dise\u00f1ado para cargas HEAVY DUTY, puede ser utilizado en m\u00faltiples aplicaciones industriales, agr\u00edcolas, de la construcci\u00f3n, actividades acu\u00edcolas y marinas.\u00a0 Los motores estacionarios son silenciosos y soportan inclemencias del tiempo y polvo.\u00a0 Son equipos potentes y tranquilos. MOTORES GASOLINA GC190, [&hellip;]<\/p>\n","protected":false},"author":1,"featured_media":0,"parent":0,"menu_order":0,"comment_status":"closed","ping_status":"closed","template":"","meta":{"footnotes":""},"class_list":["post-497","page","type-page","status-publish","hentry"],"_links":{"self":[{"href":"http:\/\/ingedisa.com.ec\/solucionesindustriales\/index.php\/wp-json\/wp\/v2\/pages\/497","targetHints":{"allow":["GET"]}}],"collection":[{"href":"http:\/\/ingedisa.com.ec\/solucionesindustriales\/index.php\/wp-json\/wp\/v2\/pages"}],"about":[{"href":"http:\/\/ingedisa.com.ec\/solucionesindustriales\/index.php\/wp-json\/wp\/v2\/types\/page"}],"author":[{"embeddable":true,"href":"http:\/\/ingedisa.com.ec\/solucionesindustriales\/index.php\/wp-json\/wp\/v2\/users\/1"}],"replies":[{"embeddable":true,"href":"http:\/\/ingedisa.com.ec\/solucionesindustriales\/index.php\/wp-json\/wp\/v2\/comments?post=497"}],"version-history":[{"count":9,"href":"http:\/\/ingedisa.com.ec\/solucionesindustriales\/index.php\/wp-json\/wp\/v2\/pages\/497\/revisions"}],"predecessor-version":[{"id":869,"href":"http:\/\/ingedisa.com.ec\/solucionesindustriales\/index.php\/wp-json\/wp\/v2\/pages\/497\/revisions\/869"}],"wp:attachment":[{"href":"http:\/\/ingedisa.com.ec\/solucionesindustriales\/index.php\/wp-json\/wp\/v2\/media?parent=497"}],"curies":[{"name":"wp","href":"https:\/\/api.w.org\/{rel}","templated":true}]}}