{"id":505,"date":"2020-05-04T15:11:00","date_gmt":"2020-05-04T15:11:00","guid":{"rendered":"http:\/\/ingedisa.com.ec\/solucionesindustriales\/?page_id=505"},"modified":"2021-09-13T14:04:11","modified_gmt":"2021-09-13T14:04:11","slug":"servicios","status":"publish","type":"page","link":"http:\/\/ingedisa.com.ec\/solucionesindustriales\/index.php\/servicios\/","title":{"rendered":"Servicios"},"content":{"rendered":"<h1 style=\"text-align: center;\"><span style=\"color: #000080;\">SERVICIO T\u00c9CNICO ESPECIALIZADO<\/span><\/h1>\n<h4 style=\"text-align: left;\"><span style=\"color: #000080;\"><img loading=\"lazy\" decoding=\"async\" class=\"size-medium wp-image-586 alignleft\" src=\"http:\/\/ingedisa.com.ec\/solucionesindustriales\/wp-content\/uploads\/2019\/12\/car-mechanic-flat-style-colorful-cartoon-vector-18860325-1-154x300.png\" alt=\"\" width=\"154\" height=\"300\" srcset=\"http:\/\/ingedisa.com.ec\/solucionesindustriales\/wp-content\/uploads\/2019\/12\/car-mechanic-flat-style-colorful-cartoon-vector-18860325-1-154x300.png 154w, http:\/\/ingedisa.com.ec\/solucionesindustriales\/wp-content\/uploads\/2019\/12\/car-mechanic-flat-style-colorful-cartoon-vector-18860325-1.png 430w\" sizes=\"auto, (max-width: 154px) 100vw, 154px\" \/><\/span><\/h4>\n<p>&nbsp;<\/p>\n<p>&nbsp;<\/p>\n<h4 style=\"text-align: left;\"><span style=\"color: #000080;\"><span style=\"color: #0000ff;\">Mantenimiento Equipos de Hidrolavado<\/span><\/span><\/h4>\n<h4 style=\"text-align: left;\"><span style=\"color: #000080;\"><span style=\"color: #0000ff;\">Mantenimiento Equipos de Construcci\u00f3n<\/span><\/span><\/h4>\n<h4 style=\"text-align: left;\"><span style=\"color: #0000ff;\">Mantenimiento de Motores Estacionarios gasolina, di\u00e9sel, el\u00e9ctricos<\/span><\/h4>\n<h4 style=\"text-align: left;\"><span style=\"color: #0000ff;\">Reparaci\u00f3n de Calderos<\/span><\/h4>\n<h4 style=\"text-align: left;\"><span style=\"color: #0000ff;\">Visitas T\u00e9cnicas<\/span><\/h4>\n<p>&nbsp;<\/p>\n<div class=\"vc_row wpb_row vc_row-fluid\">\n<div class=\"wpb_column vc_column_container vc_col-sm-6\">\n<div class=\"wpb_wrapper\">\n<div class=\"wpb_text_column wpb_content_element \">\n<div class=\"wpb_wrapper\">\n<p><strong>Mantenimiento integral de todos nuestros productos<\/strong><\/p>\n<p>\u2022 Contratos de Mantenimiento Preventivo<br \/>\n\u2022 Mantenimientos Preventivos y Correctivos con todos sus componentes<\/p>\n<p>Con la compra de nuestros productos, usted puede incluir el soporte de un <strong>Contrato de Mantenimiento Preventivo<\/strong> en funci\u00f3n de sus necesidades, nuestro departamento de Servicio T\u00e9cnico lo ayudar\u00e1 a buscar la mejor opci\u00f3n para sus requerimientos y as\u00ed maximizar la productividad y confiabilidad de su equipo, donde nuestra meta es reducir sus costos de mantenimiento correctivo, mediante un mantenimiento preventivo profesional.<\/p>\n<\/div>\n<\/div>\n<\/div>\n<\/div>\n<div class=\"wpb_column vc_column_container vc_col-sm-6\">\n<div class=\"wpb_wrapper\">\n<div class=\"wpb_text_column wpb_content_element \">\n<div class=\"wpb_wrapper\">\n<p><strong>Contratos de Mantenimiento Preventivo\u00a0<\/strong><\/p>\n<p>\u2022 Servicios a la medida de los requerimientos de nuestros clientes<br \/>\n\u2022 Visitas de inspecci\u00f3n peri\u00f3dicas<br \/>\n\u2022 Requerimientos de Emergencia.<br \/>\n\u2022 Respuesta \u00e1gil y permanente a cualquier tipo de inconveniente<\/p>\n<\/div>\n<\/div>\n<div class=\"wpb_text_column wpb_content_element \">\n<div class=\"wpb_wrapper\">\n<p><strong>Stock de Repuestos Originales<\/strong><br \/>\n\u2022 Log\u00edstica propia para aprovisionamiento, despacho y entrega de nuestros productos y repuestos<br \/>\n\u2022 Productos y repuestos confiables<\/p>\n<\/div>\n<\/div>\n<\/div>\n<\/div>\n<\/div>\n<div class=\"vc_row wpb_row vc_row-fluid\">\n<div class=\"wpb_column vc_column_container vc_col-sm-6\">\n<div class=\"wpb_wrapper\">\n<div class=\"wpb_text_column wpb_content_element \">\n<div class=\"wpb_wrapper\">\n<p><strong>T\u00e9cnicos Especialistas \/ Servicio Profesional<\/strong><\/p>\n<p>\u2022 Altamente capacitados.<br \/>\n\u2022 Experiencia en toda la gama de nuestros equipos<br \/>\ncomercializados a nivel nacional.<br \/>\n\u2022 Cobertura Nacional con t\u00e9cnicos propios (Ecuador continental)<br \/>\n\u2022 Completa bibliograf\u00eda t\u00e9cnica en todos nuestros productos<br \/>\nde nuestras marcas autorizadas.<br \/>\n\u2022 Apoyo t\u00e9cnico internacional de todas nuestras marcas<\/p>\n<\/div>\n<\/div>\n<\/div>\n<\/div>\n<\/div>\n","protected":false},"excerpt":{"rendered":"<p>SERVICIO T\u00c9CNICO ESPECIALIZADO &nbsp; &nbsp; Mantenimiento Equipos de Hidrolavado Mantenimiento Equipos de Construcci\u00f3n Mantenimiento de Motores Estacionarios gasolina, di\u00e9sel, el\u00e9ctricos Reparaci\u00f3n de Calderos Visitas T\u00e9cnicas &nbsp; Mantenimiento integral de todos nuestros productos \u2022 Contratos de Mantenimiento Preventivo \u2022 Mantenimientos Preventivos y Correctivos con todos sus componentes Con la compra de nuestros productos, usted puede incluir [&hellip;]<\/p>\n","protected":false},"author":1,"featured_media":529,"parent":0,"menu_order":0,"comment_status":"closed","ping_status":"closed","template":"","meta":{"footnotes":""},"class_list":["post-505","page","type-page","status-publish","has-post-thumbnail","hentry"],"_links":{"self":[{"href":"http:\/\/ingedisa.com.ec\/solucionesindustriales\/index.php\/wp-json\/wp\/v2\/pages\/505","targetHints":{"allow":["GET"]}}],"collection":[{"href":"http:\/\/ingedisa.com.ec\/solucionesindustriales\/index.php\/wp-json\/wp\/v2\/pages"}],"about":[{"href":"http:\/\/ingedisa.com.ec\/solucionesindustriales\/index.php\/wp-json\/wp\/v2\/types\/page"}],"author":[{"embeddable":true,"href":"http:\/\/ingedisa.com.ec\/solucionesindustriales\/index.php\/wp-json\/wp\/v2\/users\/1"}],"replies":[{"embeddable":true,"href":"http:\/\/ingedisa.com.ec\/solucionesindustriales\/index.php\/wp-json\/wp\/v2\/comments?post=505"}],"version-history":[{"count":14,"href":"http:\/\/ingedisa.com.ec\/solucionesindustriales\/index.php\/wp-json\/wp\/v2\/pages\/505\/revisions"}],"predecessor-version":[{"id":854,"href":"http:\/\/ingedisa.com.ec\/solucionesindustriales\/index.php\/wp-json\/wp\/v2\/pages\/505\/revisions\/854"}],"wp:featuredmedia":[{"embeddable":true,"href":"http:\/\/ingedisa.com.ec\/solucionesindustriales\/index.php\/wp-json\/wp\/v2\/media\/529"}],"wp:attachment":[{"href":"http:\/\/ingedisa.com.ec\/solucionesindustriales\/index.php\/wp-json\/wp\/v2\/media?parent=505"}],"curies":[{"name":"wp","href":"https:\/\/api.w.org\/{rel}","templated":true}]}}